{"id":182,"date":"2012-05-07T08:59:20","date_gmt":"2012-05-07T08:59:20","guid":{"rendered":"http:\/\/www.vocanson-prod.fr\/v3\/?page_id=182"},"modified":"2018-09-23T11:26:37","modified_gmt":"2018-09-23T11:26:37","slug":"service-films-institutionnels","status":"publish","type":"page","link":"http:\/\/www.vocanson-prod.fr\/v3\/services\/service-films-institutionnels\/","title":{"rendered":"Services | Films institutionnels"},"content":{"rendered":"<p><img decoding=\"async\" loading=\"lazy\" class=\"alignleft\" style=\"border: 0pt none;\" title=\"SERVICES FILMS INSTITUTIONNELS : Sciences - Biologie - Industries - Les arts - Historique\" src=\"http:\/\/www.vocanson-prod.fr\/v3\/images\/activites\/rub_ins_logo.jpg\" alt=\"Sciences - Biologie - Industries - Les arts - Historique\" width=\"300\" height=\"300\" \/><strong><span style=\"font-size: medium;\"><span style=\"font-size: medium;\"><strong>Expliquez vos travaux au grand public<\/strong><\/span><\/span><\/strong><\/p>\n<p>Je propose de cr\u00e9er vos films institutionnels de A \u00e0 Z, qu&rsquo;il s&rsquo;agisse de l&rsquo;animation d&rsquo;un m\u00e9canisme, d&rsquo;un concept de fabrication ou d&rsquo;utilisation, d&rsquo;une reconstitution historique&#8230; Je peux monter une petite \u00e9quipe de professionnels le cas \u00e9ch\u00e9ant afin de r\u00e9pondre \u00e0 un plus grand nombre de demandes. La r\u00e9alisation d&rsquo;un film institutionnel passe par de nombreuses \u00e9tapes allant du storyboard jusqu&rsquo;au montage final en passant par la mod\u00e9lisation, le texturing, l&rsquo;\u00e9clairage, l&rsquo;animation, le montage son ou encore le compositing. N&rsquo;h\u00e9sitez pas \u00e0 me soumettre toutes vos demandes, m\u00eame les plus incroyables\u00a0!<\/p>\n<p><strong>La 3D permet de montrer visuellement et de fa\u00e7on anim\u00e9e des choses que l&rsquo;on pourrait ne pas voir dans le r\u00e9el !<br \/>\n<\/strong><\/p>\n<hr \/>\n<p><strong><span style=\"font-size: medium;\">Prestations : <\/span><\/strong><\/p>\n<table border=\"0\" width=\"95%\" cellspacing=\"0\" cellpadding=\"5\">\n<tbody>\n<tr align=\"left\">\n<td width=\"25%\"><img decoding=\"async\" loading=\"lazy\" class=\"border\" src=\"http:\/\/www.vocanson-prod.fr\/v3\/images\/prestations\/ins_scientifique.jpg\" alt=\"\" width=\"150\" height=\"150\" \/><\/td>\n<td width=\"25%\"><img decoding=\"async\" loading=\"lazy\" class=\"border\" src=\"http:\/\/www.vocanson-prod.fr\/v3\/images\/prestations\/ins_chimique.jpg\" alt=\"\" width=\"150\" height=\"150\" \/><\/td>\n<td width=\"25%\"><img decoding=\"async\" loading=\"lazy\" class=\"border\" src=\"http:\/\/www.vocanson-prod.fr\/v3\/images\/prestations\/ins_mecanique.jpg\" alt=\"\" width=\"150\" height=\"150\" align=\"absmiddle\" \/><\/td>\n<td width=\"25%\"><img decoding=\"async\" loading=\"lazy\" class=\"border\" src=\"http:\/\/www.vocanson-prod.fr\/v3\/images\/prestations\/ins_geographique.jpg\" alt=\"\" width=\"150\" height=\"150\" \/><\/td>\n<\/tr>\n<tr>\n<td><strong>Sciences<\/strong><\/td>\n<td><strong>Biologie<\/strong><\/td>\n<td><strong>Industries<\/strong><\/td>\n<td><strong>Les arts<\/strong><\/td>\n<\/tr>\n<tr valign=\"top\">\n<td>M\u00e9canique, physique, chimie, \u00e9lectronique, sciences, m\u00e9dicales, m\u00e9decine, agriculture&#8230;<\/td>\n<td>Astronomie, sciences de la Terre, pal\u00e9ontologie, pal\u00e9ozoologie, sciences de la vie, plantes, animaux&#8230;<\/td>\n<td>Agriculture, transport, s\u00e9curit\u00e9, mesure et pr\u00e9cision, informatique, industries diverses, \u00e9nergies, \u00e9lectronique, construction&#8230;<\/td>\n<td valign=\"top\">Arts plastiques, sculpture, photographie, musique&#8230;<\/td>\n<\/tr>\n<tr align=\"left\">\n<td><img decoding=\"async\" loading=\"lazy\" src=\"http:\/\/www.vocanson-prod.fr\/v3\/images\/prestations\/ins_historique.jpg\" alt=\"site internet boutique web\" width=\"150\" height=\"150\" \/><\/td>\n<td><\/td>\n<td><\/td>\n<td><\/td>\n<\/tr>\n<tr>\n<td><strong>Historique<\/strong><\/td>\n<td><\/td>\n<td><\/td>\n<td><\/td>\n<\/tr>\n<tr valign=\"top\">\n<td valign=\"top\">G\u00e9ographie, reconstitution de lieux, plans 3D pour montrer l&#8217;emplacement des \u00e9difices, animation de construction, reconstitution de la d\u00e9coration de l&rsquo;\u00e9poque&#8230;<\/td>\n<td valign=\"top\"><\/td>\n<td valign=\"top\"><\/td>\n<td><\/td>\n<\/tr>\n<\/tbody>\n<\/table>\n<p><span style=\"font-size: medium;\"><strong>D\u00e9veloppement : <\/strong><\/span><\/p>\n<p><strong>STORYBOARD<\/strong><br \/>\nIl s&rsquo;agit d&rsquo;une suite de dessins repr\u00e9sentant les diff\u00e9rentes animations avec les prises de vues, les personnages, les d\u00e9placements, les dur\u00e9es, les transitions..<strong>.<br \/>\nMODELISATION<\/strong><br \/>\nCr\u00e9ation polygonale de tous les objets, d\u00e9cors et personnages suivant le cahier des charges.<br \/>\n<strong>TEXTURING<\/strong><br \/>\nTous les mod\u00e8les 3D sont recouverts d&rsquo;une texture afin de cr\u00e9er l&rsquo;illusion de la r\u00e9alit\u00e9 : bois, marbre, pierre, fer, acier, verre&#8230;<br \/>\n<strong>ECLAIRAGE<br \/>\n<\/strong>Les lumi\u00e8res sont dispos\u00e9es dans la sc\u00e8ne suivant les ambiances \u00e0 recr\u00e9er. Elles permettent d&rsquo;obtenir les ombres et autres effets sp\u00e9ciaux.<br \/>\n<strong>ANIMATION<\/strong><br \/>\nAnimation des objets, de la dynamique, des personnes, des effets sp\u00e9ciaux, de la cam\u00e9ra, des lumi\u00e8res&#8230;<br \/>\n<strong>COMPOSITING<\/strong><br \/>\nRetouches colorim\u00e9triques, filtres et autres interventions 3D. Les animations peuvent \u00eatre calcul\u00e9es en plusieurs passes. Par exemple : le d\u00e9cor seul, puis le personnage anim\u00e9 seul. Les deux sont ensuite assembl\u00e9s par l&rsquo;interm\u00e9diaire du compositing.<br \/>\n<strong>SOUND DESIGN<\/strong><br \/>\nCr\u00e9ation de l&rsquo;univers sonore, de l&rsquo;ambiance, de la bande musicale, des bruitages, des dialogues&#8230;<br \/>\n<strong>MONTAGE<\/strong><br \/>\nAssemblage de toutes les s\u00e9quences finalis\u00e9es. D\u00e9coupages, transitions, compression et sortie du film sur le support adapt\u00e9.<\/p>\n","protected":false},"excerpt":{"rendered":"<p>Expliquez vos travaux au grand public Je propose de cr\u00e9er vos films institutionnels de A \u00e0 Z, qu&rsquo;il s&rsquo;agisse de l&rsquo;animation d&rsquo;un m\u00e9canisme, d&rsquo;un concept de fabrication ou d&rsquo;utilisation, d&rsquo;une reconstitution historique&#8230; Je peux monter une petite \u00e9quipe de professionnels &hellip; <a class=\"kt-excerpt-readmore more-link\" href=\"http:\/\/www.vocanson-prod.fr\/v3\/services\/service-films-institutionnels\/\">Read More<\/a><\/p>\n","protected":false},"author":2,"featured_media":0,"parent":20,"menu_order":0,"comment_status":"closed","ping_status":"closed","template":"","meta":{"kt_blocks_editor_width":"","_monsterinsights_skip_tracking":false,"_monsterinsights_sitenote_active":false,"_monsterinsights_sitenote_note":"","_monsterinsights_sitenote_category":0},"_links":{"self":[{"href":"http:\/\/www.vocanson-prod.fr\/v3\/wp-json\/wp\/v2\/pages\/182"}],"collection":[{"href":"http:\/\/www.vocanson-prod.fr\/v3\/wp-json\/wp\/v2\/pages"}],"about":[{"href":"http:\/\/www.vocanson-prod.fr\/v3\/wp-json\/wp\/v2\/types\/page"}],"author":[{"embeddable":true,"href":"http:\/\/www.vocanson-prod.fr\/v3\/wp-json\/wp\/v2\/users\/2"}],"replies":[{"embeddable":true,"href":"http:\/\/www.vocanson-prod.fr\/v3\/wp-json\/wp\/v2\/comments?post=182"}],"version-history":[{"count":7,"href":"http:\/\/www.vocanson-prod.fr\/v3\/wp-json\/wp\/v2\/pages\/182\/revisions"}],"predecessor-version":[{"id":830,"href":"http:\/\/www.vocanson-prod.fr\/v3\/wp-json\/wp\/v2\/pages\/182\/revisions\/830"}],"up":[{"embeddable":true,"href":"http:\/\/www.vocanson-prod.fr\/v3\/wp-json\/wp\/v2\/pages\/20"}],"wp:attachment":[{"href":"http:\/\/www.vocanson-prod.fr\/v3\/wp-json\/wp\/v2\/media?parent=182"}],"curies":[{"name":"wp","href":"https:\/\/api.w.org\/{rel}","templated":true}]}}