{"id":20,"date":"2012-04-30T07:44:38","date_gmt":"2012-04-30T07:44:38","guid":{"rendered":"http:\/\/www.vocanson-prod.fr\/v3\/?page_id=20"},"modified":"2018-09-24T19:23:12","modified_gmt":"2018-09-24T19:23:12","slug":"services","status":"publish","type":"page","link":"http:\/\/www.vocanson-prod.fr\/v3\/services\/","title":{"rendered":"Services"},"content":{"rendered":"<p>&nbsp;<\/p>\n<h1><a href=\"http:\/\/www.vocanson-prod.fr\/v3\/services\/service-image-de-synthese\/\"><img decoding=\"async\" loading=\"lazy\" class=\"alignright\" src=\"http:\/\/www.vocanson-prod.fr\/v3\/images\/services\/image-de-synthese.jpg\" alt=\"\" width=\"410\" height=\"142\" \/><\/a><\/h1>\n<h1>3D | Image de synth\u00e8se<\/h1>\n<p>L\u2019image de synth\u00e8se est actuellement l\u2019outil graphique le plus perfectionn\u00e9. Vous pouvez cr\u00e9er absolument tous les visuels que vous souhaitez et donner par la m\u00eame occasion une dimension suppl\u00e9mentaire \u00e0 vos documents. La 3D est une discipline technique et artistique qui demandent des ann\u00e9es de pratique ! Profitez de mon exp\u00e9rience en la mati\u00e8re pour r\u00e9aliser des images in\u00e9dites&#8230;<\/p>\n<p><a href=\"http:\/\/www.vocanson-prod.fr\/v3\/services\/service-image-de-synthese\/\">Pour en savoir plus<\/a><\/p>\n<hr \/>\n<h1><a href=\"http:\/\/www.vocanson-prod.fr\/v3\/services\/service-image-de-synthese\/\"><img decoding=\"async\" loading=\"lazy\" class=\"alignright\" src=\"http:\/\/www.vocanson-prod.fr\/v3\/images\/services\/design-graphique.jpg\" alt=\"\" width=\"410\" height=\"142\" \/><\/a><\/h1>\n<h1>Design graphique<\/h1>\n<p>Le design graphique concerne essentiellement tous les documents imprim\u00e9s. Vous avez besoin de repenser votre communication, de changer d\u2019image ou d\u2019am\u00e9liorer la qualit\u00e9 graphique de vos documents\u00a0? Mon exp\u00e9rience et ma formation en mati\u00e8re de design me permet de mettre en place un processus de cr\u00e9ation pour que vos documents restent coh\u00e9rents, personnalis\u00e9s et originaux. La r\u00e9alisation d\u2019une charte graphique permet de vous identifier aupr\u00e8s de vos clients&#8230;<\/p>\n<p><a href=\"http:\/\/www.vocanson-prod.fr\/v3\/services\/service-design-graphique\/\">Pour en savoir plus<\/a><\/p>\n<hr \/>\n<h1><a href=\"http:\/\/www.vocanson-prod.fr\/v3\/services\/service-image-de-synthese\/\"><img decoding=\"async\" loading=\"lazy\" class=\"alignright\" src=\"http:\/\/www.vocanson-prod.fr\/v3\/images\/services\/web.jpg\" alt=\"\" width=\"410\" height=\"142\" \/><\/a><\/h1>\n<h1>Web \/ UI<\/h1>\n<p>Les graphismes s&rsquo;animent, les images s&rsquo;agrandissent, l&rsquo;interactivit\u00e9 devient de plus en plus ludique, le son et la vid\u00e9o font leur apparition. La personnalisation d&rsquo;un template graphique est un plus qui permet de se d\u00e9marquer des interfaces basiques ! La cr\u00e9ation ou le re-design d&rsquo;un site demande une suite d&rsquo;op\u00e9rations allant de la conception \u00e0 la mise en ligne. Il est aussi possible de travailler sur les UI (User Interface) d&rsquo;application pour les rendre plus pratique, plus agr\u00e9able&#8230;<\/p>\n<p><a href=\"http:\/\/www.vocanson-prod.fr\/v3\/services\/services-web\/\">Pour en savoir plus<\/a><\/p>\n<hr \/>\n<h1><a href=\"http:\/\/www.vocanson-prod.fr\/v3\/services\/service-image-de-synthese\/\"><img decoding=\"async\" loading=\"lazy\" class=\"alignright\" src=\"http:\/\/www.vocanson-prod.fr\/v3\/images\/services\/visualisation-architecturale.jpg\" alt=\"\" width=\"410\" height=\"142\" \/><\/a><\/h1>\n<h1>Visualisation architecturale<\/h1>\n<p>Par l\u2019interm\u00e9diaire de logiciels 3D et de banques de mod\u00e8les 3D, il est possible d\u2019effectuer des repr\u00e9sentations r\u00e9alistes des projets architecturaux. Cela permet d\u2019\u00e9valuer les espaces, les mati\u00e8res, les circulations, l\u2019organisation, l\u2019environnement, la lumi\u00e8re d\u2019une journ\u00e9e afin de modifier, d\u2019approuver, valider ou exposer ces choix&#8230;<\/p>\n<p><a href=\"http:\/\/www.vocanson-prod.fr\/v3\/services\/service-interactivite\/\">Pour en savoir plus<\/a><\/p>\n<hr \/>\n<h1><a href=\"http:\/\/www.vocanson-prod.fr\/v3\/services\/service-image-de-synthese\/\"><img decoding=\"async\" loading=\"lazy\" class=\"alignright\" src=\"http:\/\/www.vocanson-prod.fr\/v3\/images\/services\/design-produit.jpg\" alt=\"\" width=\"410\" height=\"142\" \/><\/a><\/h1>\n<h1>Design produit<\/h1>\n<p>Vos poss\u00e9dez un centre de design int\u00e9gr\u00e9 et vous avez besoin d\u2019\u00e9largir votre gamme de propositions ? Vous ne poss\u00e9dez pas de designers int\u00e9gr\u00e9s et vous souhaitez effectuer un cahier de recherches ? Vous avez besoin d\u2019images de pr\u00e9sentation 3D pour communiquer sur un produit pour le mettre en valeur ? Ma cr\u00e9ativit\u00e9, mon \u00e9coute et mon exp\u00e9rience sont \u00e0 votre disposition pour vous aider dans votre processus de r\u00e9alisation&#8230;<\/p>\n<p><a href=\"http:\/\/www.vocanson-prod.fr\/v3\/services\/service-design-produit\/\">Pour en savoir plus<\/a><\/p>\n<hr \/>\n<h1><a href=\"http:\/\/www.vocanson-prod.fr\/v3\/services\/service-image-de-synthese\/\"><img decoding=\"async\" loading=\"lazy\" class=\"alignright\" src=\"http:\/\/www.vocanson-prod.fr\/v3\/images\/services\/films-animations.jpg\" alt=\"\" width=\"410\" height=\"142\" \/><\/a><\/h1>\n<h1>Films d\u2019animation<\/h1>\n<p>Chaque entreprise souhaite exprimer sa propre vision au travers de la r\u00e9alisation d&rsquo;un film d&rsquo;animation et je suis en mesure de r\u00e9pondre \u00e0 vos demandes. La r\u00e9alisation d&rsquo;un film d&rsquo;animation passe par de nombreuses \u00e9tapes allant du storyboard jusqu&rsquo;au montage final.<\/p>\n<p><a href=\"http:\/\/www.vocanson-prod.fr\/v3\/services\/service-film-danimation\/\">Pour en savoir plus<\/a><\/p>\n<hr \/>\n<h1><a href=\"http:\/\/www.vocanson-prod.fr\/v3\/services\/service-image-de-synthese\/\"><img decoding=\"async\" loading=\"lazy\" class=\"alignright\" src=\"http:\/\/www.vocanson-prod.fr\/v3\/images\/services\/films-institutionnels.jpg\" alt=\"\" width=\"410\" height=\"142\" \/><\/a>Films institutionnels<\/h1>\n<p>La cr\u00e9ation de films institutionnels permet de montrer l\u2019animation d\u2019un m\u00e9canisme industriel, un concept de fabrication ou d\u2019utilisation, une reconstitution historique,etc\u2026 \u00c9quipe de stations graphiques puissantes afin de calculer les suites d&rsquo;images n\u00e9cessaire \u00e0 la r\u00e9alisation d&rsquo;un film, je suis \u00e0 votre \u00e9coute pour r\u00e9aliser toutes vos demandes&#8230;<\/p>\n<p><a href=\"http:\/\/www.vocanson-prod.fr\/v3\/services\/service-films-institutionnels\/\">Pour en savoir plus<\/a><\/p>\n","protected":false},"excerpt":{"rendered":"<p>&nbsp; 3D | Image de synth\u00e8se L\u2019image de synth\u00e8se est actuellement l\u2019outil graphique le plus perfectionn\u00e9. Vous pouvez cr\u00e9er absolument tous les visuels que vous souhaitez et donner par la m\u00eame occasion une dimension suppl\u00e9mentaire \u00e0 vos documents. La 3D &hellip; <a class=\"kt-excerpt-readmore more-link\" href=\"http:\/\/www.vocanson-prod.fr\/v3\/services\/\">Read More<\/a><\/p>\n","protected":false},"author":2,"featured_media":0,"parent":0,"menu_order":0,"comment_status":"closed","ping_status":"open","template":"","meta":{"kt_blocks_editor_width":"","_monsterinsights_skip_tracking":false,"_monsterinsights_sitenote_active":false,"_monsterinsights_sitenote_note":"","_monsterinsights_sitenote_category":0},"_links":{"self":[{"href":"http:\/\/www.vocanson-prod.fr\/v3\/wp-json\/wp\/v2\/pages\/20"}],"collection":[{"href":"http:\/\/www.vocanson-prod.fr\/v3\/wp-json\/wp\/v2\/pages"}],"about":[{"href":"http:\/\/www.vocanson-prod.fr\/v3\/wp-json\/wp\/v2\/types\/page"}],"author":[{"embeddable":true,"href":"http:\/\/www.vocanson-prod.fr\/v3\/wp-json\/wp\/v2\/users\/2"}],"replies":[{"embeddable":true,"href":"http:\/\/www.vocanson-prod.fr\/v3\/wp-json\/wp\/v2\/comments?post=20"}],"version-history":[{"count":6,"href":"http:\/\/www.vocanson-prod.fr\/v3\/wp-json\/wp\/v2\/pages\/20\/revisions"}],"predecessor-version":[{"id":274,"href":"http:\/\/www.vocanson-prod.fr\/v3\/wp-json\/wp\/v2\/pages\/20\/revisions\/274"}],"wp:attachment":[{"href":"http:\/\/www.vocanson-prod.fr\/v3\/wp-json\/wp\/v2\/media?parent=20"}],"curies":[{"name":"wp","href":"https:\/\/api.w.org\/{rel}","templated":true}]}}