{"id":372,"date":"2012-05-09T16:00:17","date_gmt":"2012-05-09T16:00:17","guid":{"rendered":"http:\/\/www.vocanson-prod.fr\/v3\/?page_id=372"},"modified":"2018-10-11T10:01:26","modified_gmt":"2018-10-11T10:01:26","slug":"portfolio","status":"publish","type":"page","link":"http:\/\/www.vocanson-prod.fr\/v3\/projects\/portfolio\/","title":{"rendered":"Portfolio"},"content":{"rendered":"<p>Voici quelques exemples de travaux r\u00e9alis\u00e9s ces derni\u00e8res ann\u00e9es.<br \/>\nSi vous aimez un de ces projets et souhaitez me soumettre une demande, n&rsquo;h\u00e9sitez pas \u00e0 me contacter.<\/p>\n","protected":false},"excerpt":{"rendered":"<p>Voici quelques exemples de travaux r\u00e9alis\u00e9s ces derni\u00e8res ann\u00e9es. Si vous aimez un de ces projets et souhaitez me soumettre une demande, n&rsquo;h\u00e9sitez pas \u00e0 me contacter.<\/p>\n","protected":false},"author":2,"featured_media":0,"parent":278,"menu_order":0,"comment_status":"closed","ping_status":"open","template":"template-portfolio-grid.php","meta":{"kt_blocks_editor_width":"","_monsterinsights_skip_tracking":false,"_monsterinsights_sitenote_active":false,"_monsterinsights_sitenote_note":"","_monsterinsights_sitenote_category":0},"_links":{"self":[{"href":"http:\/\/www.vocanson-prod.fr\/v3\/wp-json\/wp\/v2\/pages\/372"}],"collection":[{"href":"http:\/\/www.vocanson-prod.fr\/v3\/wp-json\/wp\/v2\/pages"}],"about":[{"href":"http:\/\/www.vocanson-prod.fr\/v3\/wp-json\/wp\/v2\/types\/page"}],"author":[{"embeddable":true,"href":"http:\/\/www.vocanson-prod.fr\/v3\/wp-json\/wp\/v2\/users\/2"}],"replies":[{"embeddable":true,"href":"http:\/\/www.vocanson-prod.fr\/v3\/wp-json\/wp\/v2\/comments?post=372"}],"version-history":[{"count":6,"href":"http:\/\/www.vocanson-prod.fr\/v3\/wp-json\/wp\/v2\/pages\/372\/revisions"}],"predecessor-version":[{"id":786,"href":"http:\/\/www.vocanson-prod.fr\/v3\/wp-json\/wp\/v2\/pages\/372\/revisions\/786"}],"up":[{"embeddable":true,"href":"http:\/\/www.vocanson-prod.fr\/v3\/wp-json\/wp\/v2\/pages\/278"}],"wp:attachment":[{"href":"http:\/\/www.vocanson-prod.fr\/v3\/wp-json\/wp\/v2\/media?parent=372"}],"curies":[{"name":"wp","href":"https:\/\/api.w.org\/{rel}","templated":true}]}}