{"id":138,"date":"2012-05-04T13:57:46","date_gmt":"2012-05-04T13:57:46","guid":{"rendered":"http:\/\/www.vocanson-prod.fr\/v3\/?page_id=138"},"modified":"2018-09-23T11:26:56","modified_gmt":"2018-09-23T11:26:56","slug":"accueil","status":"publish","type":"page","link":"https:\/\/www.vocanson-prod.fr\/v3\/accueil\/","title":{"rendered":"Une solution graphique"},"content":{"rendered":"<p>Vous cherchez des solutions graphiques pour votre entreprise ? Vous souffrez d&rsquo;un probl\u00e8me d&rsquo;identit\u00e9 visuelle aupr\u00e8s de vos clients ? Vous cherchez une relation de travail \u00e0 dimension humaine ?<strong> Travaillez directement avec un designer graphique.<\/strong> Innovation graphique, technique, \u00e9tude, conseil, mise en \u0153uvre, souplesse, r\u00e9activit\u00e9, performance et relation sur le long terme sont intimement li\u00e9s mon m\u00e9tier.<\/p>\n<p style=\"text-align: right;\"><strong>J\u00e9r\u00f4me VOCANSON, Designer graphique<\/strong><\/p>\n","protected":false},"excerpt":{"rendered":"<p>Vous cherchez des solutions graphiques pour votre entreprise ? Vous souffrez d&rsquo;un probl\u00e8me d&rsquo;identit\u00e9 visuelle aupr\u00e8s de vos clients ? Vous cherchez une relation de travail \u00e0 dimension humaine ? Travaillez directement avec un designer graphique. Innovation graphique, technique, \u00e9tude, &hellip; <a class=\"kt-excerpt-readmore more-link\" href=\"https:\/\/www.vocanson-prod.fr\/v3\/accueil\/\">Read More<\/a><\/p>\n","protected":false},"author":2,"featured_media":0,"parent":0,"menu_order":0,"comment_status":"closed","ping_status":"open","template":"","meta":{"kt_blocks_editor_width":"","_monsterinsights_skip_tracking":false,"_monsterinsights_sitenote_active":false,"_monsterinsights_sitenote_note":"","_monsterinsights_sitenote_category":0},"_links":{"self":[{"href":"https:\/\/www.vocanson-prod.fr\/v3\/wp-json\/wp\/v2\/pages\/138"}],"collection":[{"href":"https:\/\/www.vocanson-prod.fr\/v3\/wp-json\/wp\/v2\/pages"}],"about":[{"href":"https:\/\/www.vocanson-prod.fr\/v3\/wp-json\/wp\/v2\/types\/page"}],"author":[{"embeddable":true,"href":"https:\/\/www.vocanson-prod.fr\/v3\/wp-json\/wp\/v2\/users\/2"}],"replies":[{"embeddable":true,"href":"https:\/\/www.vocanson-prod.fr\/v3\/wp-json\/wp\/v2\/comments?post=138"}],"version-history":[{"count":6,"href":"https:\/\/www.vocanson-prod.fr\/v3\/wp-json\/wp\/v2\/pages\/138\/revisions"}],"predecessor-version":[{"id":740,"href":"https:\/\/www.vocanson-prod.fr\/v3\/wp-json\/wp\/v2\/pages\/138\/revisions\/740"}],"wp:attachment":[{"href":"https:\/\/www.vocanson-prod.fr\/v3\/wp-json\/wp\/v2\/media?parent=138"}],"curies":[{"name":"wp","href":"https:\/\/api.w.org\/{rel}","templated":true}]}}