{"id":168,"date":"2012-05-07T08:55:56","date_gmt":"2012-05-07T08:55:56","guid":{"rendered":"http:\/\/www.vocanson-prod.fr\/v3\/?page_id=168"},"modified":"2018-09-23T11:26:37","modified_gmt":"2018-09-23T11:26:37","slug":"service-image-de-synthese","status":"publish","type":"page","link":"https:\/\/www.vocanson-prod.fr\/v3\/services\/service-image-de-synthese\/","title":{"rendered":"Services | Image de synth\u00e8se"},"content":{"rendered":"<p><img decoding=\"async\" loading=\"lazy\" class=\"alignleft\" style=\"border: 0pt none;\" title=\"SERVICES WEB : Cin\u00e9matique - Clip musical - Publicit\u00e9 - Effets sp\u00e9ciaux - Illustration - Design produit - Graphisme - Architecture - Sch\u00e9ma - Mascotte - Flying logo - Court m\u00e9trage\" src=\"http:\/\/www.vocanson-prod.fr\/v3\/images\/activites\/rub_3d_logo.jpg\" alt=\"Cin\u00e9matique - Clip musical - Publicit\u00e9 - Effets sp\u00e9ciaux - Illustration - Design produit - Graphisme - Architecture - Sch\u00e9ma - Mascotte - Flying logo - Court m\u00e9trage\" width=\"300\" height=\"300\" \/><strong><span style=\"font-size: medium;\">Rajoutez de la profondeur \u00e0 vos documents<\/span><\/strong><\/p>\n<p>L&rsquo;image de synth\u00e8se est actuellement l&rsquo;outil graphique le plus perfectionn\u00e9. Vous pouvez cr\u00e9er absolument tous les visuels que vous souhaitez et donner par la m\u00eame occasion une dimension suppl\u00e9mentaire \u00e0 vos documents. La 3D est une discipline technique et artistique que je pratique depuis plus de 20 ans ! Profitez de mon exp\u00e9rience en la mati\u00e8re pour explorer de nouvelles possibilit\u00e9s graphiques et enrichir votre communication.<\/p>\n<p><strong>Un composant int\u00e9gr\u00e9 :<\/strong><\/p>\n<p>L&rsquo;image de synth\u00e8se est pour moi une passion, mais avant tout un moyen d&rsquo;expression offrant de multiples facettes. L&rsquo;apprentissage de la 3D demande de nombreuses ann\u00e9es d&rsquo;exp\u00e9rience, un m\u00e9lange de cultures artistiques et de fortes connaissances techniques. De plus, la pratique de la 3D n\u00e9cessite un mat\u00e9riel informatique tr\u00e8s performant ainsi que des logiciels tr\u00e8s complexes. Je me sers de la 3D aussi bien dans des projets sp\u00e9cifiques comme les films d&rsquo;animation et l&rsquo;illustration qu&rsquo;au travers de la communication traditionnelle (logo, plaquettes, flyers,&#8230;). Ce n&rsquo;est pas obligatoire mais cela offre dans certains cas des solutions graphiques tr\u00e8s adapt\u00e9es.<\/p>\n<hr \/>\n<p><strong><span style=\"font-size: medium;\">Prestations : <\/span><\/strong><\/p>\n<table border=\"0\" width=\"95%\" cellspacing=\"0\" cellpadding=\"5\">\n<tbody>\n<tr align=\"left\">\n<td width=\"25%\"><img decoding=\"async\" loading=\"lazy\" src=\"http:\/\/www.vocanson-prod.fr\/v3\/images\/prestations\/ani_jeux.jpg\" alt=\"\" width=\"150\" height=\"150\" \/><\/td>\n<td width=\"25%\"><img decoding=\"async\" loading=\"lazy\" src=\"http:\/\/www.vocanson-prod.fr\/v3\/images\/prestations\/3d_mascotte.jpg\" alt=\"\" width=\"150\" height=\"150\" \/><\/td>\n<td width=\"25%\"><img decoding=\"async\" loading=\"lazy\" src=\"http:\/\/www.vocanson-prod.fr\/v3\/images\/prestations\/ani_clip.jpg\" alt=\"\" width=\"150\" height=\"150\" \/><img decoding=\"async\" loading=\"lazy\" class=\"yrfzgssbaifbkrbuxnjb\" style=\"display: none ! important;\" hidden=\"\" src=\"http:\/\/www.vocanson-prod.fr\/v3\/images\/prestations\/ani_publicite.jpg\" alt=\"\" width=\"150\" height=\"150\" \/><\/td>\n<td width=\"25%\"><img decoding=\"async\" loading=\"lazy\" src=\"http:\/\/www.vocanson-prod.fr\/v3\/images\/prestations\/3d_illustration.jpg\" alt=\"\" width=\"150\" height=\"150\" \/><\/td>\n<\/tr>\n<tr>\n<td width=\"25%\"><strong>Cin\u00e9matique<\/strong><\/td>\n<td width=\"25%\"><strong>Mascotte<\/strong><\/td>\n<td width=\"25%\"><strong>Flying logo<\/strong><\/td>\n<td width=\"25%\"><strong>Illustration<\/strong><\/td>\n<\/tr>\n<tr valign=\"top\">\n<td width=\"25%\">Cr\u00e9ation de s\u00e9quences anim\u00e9es pour les jeux vid\u00e9os. Aujourd&rsquo;hui indispensable dans la r\u00e9ussite d&rsquo;un produit. Travail d&rsquo;\u00e9quipe avec un r\u00e9alisateur.<\/td>\n<td width=\"25%\">Cr\u00e9ation d&rsquo;un personnage pour humaniser votre communication. La 3D permet de l&rsquo;animer, de lui faire prendre des poses afin de l&rsquo;adapter \u00e0 chaque situation.<\/td>\n<td width=\"25%\">Animation vid\u00e9o d&rsquo;un logo en 3D pour introduire vos diff\u00e9rentes productions et pr\u00e9sentations. L&rsquo;objectif est d&rsquo;attirer l&rsquo;attention en en mettant plein les yeux.<\/td>\n<td width=\"25%\">La 3D permet de d\u00e9velopper de nouveaux axes graphiques et de nouvelles possibilit\u00e9s de production.<\/td>\n<\/tr>\n<tr align=\"left\">\n<td width=\"25%\"><img decoding=\"async\" loading=\"lazy\" src=\"http:\/\/www.vocanson-prod.fr\/v3\/images\/prestations\/3d_archi.jpg\" alt=\"\" width=\"150\" height=\"150\" \/><\/td>\n<td width=\"25%\"><img decoding=\"async\" loading=\"lazy\" src=\"http:\/\/www.vocanson-prod.fr\/v3\/images\/prestations\/3d_design.jpg\" alt=\"\" width=\"150\" height=\"150\" \/><\/td>\n<td width=\"25%\"><img decoding=\"async\" loading=\"lazy\" src=\"http:\/\/www.vocanson-prod.fr\/v3\/images\/prestations\/3d_graphisme.jpg\" alt=\"\" width=\"150\" height=\"150\" \/><\/td>\n<td width=\"25%\"><img decoding=\"async\" loading=\"lazy\" src=\"http:\/\/www.vocanson-prod.fr\/v3\/images\/prestations\/3d_schema.jpg\" alt=\"\" width=\"150\" height=\"150\" \/><\/td>\n<\/tr>\n<tr>\n<td width=\"25%\"><strong>Architecture<\/strong><\/td>\n<td width=\"25%\"><strong>Design produit<\/strong><\/td>\n<td width=\"25%\"><strong>Graphisme<\/strong><\/td>\n<td width=\"25%\"><strong>Sch\u00e9ma<\/strong><\/td>\n<\/tr>\n<tr valign=\"top\">\n<td width=\"25%\">Visualisation r\u00e9aliste ou sch\u00e9matique des plans. Tester les mati\u00e8res, les couleurs, les volumes&#8230;<\/td>\n<td width=\"25%\">Visualisation r\u00e9aliste ou sch\u00e9matique des plans. Montrer un \u00e9clat\u00e9. Tester les mati\u00e8res, les couleurs, le graphisme&#8230;<\/td>\n<td width=\"25%\">Donner de la profondeur \u00e0 un univers qui, par d\u00e9finition, se veut en 2D. Une mani\u00e8re originale de d\u00e9marquer ses documents.<\/td>\n<td width=\"25%\">La 3D permet de r\u00e9aliser rapidement des sch\u00e9mas afin d&rsquo;expliquer des concepts, des syst\u00e8mes, des m\u00e9canismes, des nouveaux proc\u00e9d\u00e9s de fabrication&#8230;<\/td>\n<\/tr>\n<tr align=\"left\">\n<td width=\"25%\"><img decoding=\"async\" loading=\"lazy\" src=\"http:\/\/www.vocanson-prod.fr\/v3\/images\/prestations\/3d_flyinglogo.jpg\" alt=\"\" width=\"150\" height=\"150\" \/><\/td>\n<td width=\"25%\"><img decoding=\"async\" loading=\"lazy\" src=\"http:\/\/www.vocanson-prod.fr\/v3\/images\/prestations\/ani_court.jpg\" alt=\"\" width=\"150\" height=\"150\" \/><\/td>\n<td width=\"25%\"><\/td>\n<td width=\"25%\"><\/td>\n<\/tr>\n<tr>\n<td width=\"25%\"><strong>Publicit\u00e9<\/strong><\/td>\n<td width=\"25%\"><strong>Court m\u00e9trage<\/strong><\/td>\n<td width=\"25%\"><\/td>\n<td width=\"25%\"><\/td>\n<\/tr>\n<tr valign=\"top\">\n<td width=\"25%\">R\u00e9alisation par une petite \u00e9quipe de votre spot publicitaire 3D dans des d\u00e9lais tr\u00e8s serr\u00e9s. Travail d&rsquo;\u00e9quipe avec un r\u00e9alisateur.<\/td>\n<td width=\"25%\">Comment divertir votre auditoire en attendant la suite\u00a0? R\u00e9alisation de court- m\u00e9trages. C&rsquo;est un laboratoire qui permet de tester de nouveaux axes graphiques. Travail avec un r\u00e9alisateur.<\/td>\n<td width=\"25%\"><\/td>\n<td width=\"25%\"><\/td>\n<\/tr>\n<\/tbody>\n<\/table>\n<p><span style=\"font-size: medium;\"><strong>D\u00e9veloppement : <\/strong><\/span><\/p>\n<p><strong>MODELISATION<\/strong><br \/>\nCr\u00e9ation polygonale de tous les objets, d\u00e9cors et personnages suivant le cahier des charges.<br \/>\n<strong>TEXTURING<\/strong><br \/>\nTous les mod\u00e8les 3D sont recouverts d&rsquo;une texture afin de cr\u00e9er l&rsquo;illusion de la r\u00e9alit\u00e9 : bois, marbre, pierre, fer, acier, verre&#8230;<br \/>\n<strong>ECLAIRAGE<\/strong><br \/>\nLes lumi\u00e8res sont dispos\u00e9es dans la sc\u00e8ne suivant les ambiances \u00e0 recr\u00e9er. Elles permettent d&rsquo;obtenir les ombres et autres effets sp\u00e9ciaux.<br \/>\n<strong>ANIMATION<\/strong><br \/>\nAnimation des objets, de la dynamique, des personnes, des effets sp\u00e9ciaux, de la cam\u00e9ra, des lumi\u00e8res&#8230;<\/p>\n","protected":false},"excerpt":{"rendered":"<p>Rajoutez de la profondeur \u00e0 vos documents L&rsquo;image de synth\u00e8se est actuellement l&rsquo;outil graphique le plus perfectionn\u00e9. Vous pouvez cr\u00e9er absolument tous les visuels que vous souhaitez et donner par la m\u00eame occasion une dimension suppl\u00e9mentaire \u00e0 vos documents. La &hellip; <a class=\"kt-excerpt-readmore more-link\" href=\"https:\/\/www.vocanson-prod.fr\/v3\/services\/service-image-de-synthese\/\">Read More<\/a><\/p>\n","protected":false},"author":2,"featured_media":0,"parent":20,"menu_order":0,"comment_status":"closed","ping_status":"closed","template":"","meta":{"kt_blocks_editor_width":"","_monsterinsights_skip_tracking":false,"_monsterinsights_sitenote_active":false,"_monsterinsights_sitenote_note":"","_monsterinsights_sitenote_category":0},"_links":{"self":[{"href":"https:\/\/www.vocanson-prod.fr\/v3\/wp-json\/wp\/v2\/pages\/168"}],"collection":[{"href":"https:\/\/www.vocanson-prod.fr\/v3\/wp-json\/wp\/v2\/pages"}],"about":[{"href":"https:\/\/www.vocanson-prod.fr\/v3\/wp-json\/wp\/v2\/types\/page"}],"author":[{"embeddable":true,"href":"https:\/\/www.vocanson-prod.fr\/v3\/wp-json\/wp\/v2\/users\/2"}],"replies":[{"embeddable":true,"href":"https:\/\/www.vocanson-prod.fr\/v3\/wp-json\/wp\/v2\/comments?post=168"}],"version-history":[{"count":6,"href":"https:\/\/www.vocanson-prod.fr\/v3\/wp-json\/wp\/v2\/pages\/168\/revisions"}],"predecessor-version":[{"id":10928,"href":"https:\/\/www.vocanson-prod.fr\/v3\/wp-json\/wp\/v2\/pages\/168\/revisions\/10928"}],"up":[{"embeddable":true,"href":"https:\/\/www.vocanson-prod.fr\/v3\/wp-json\/wp\/v2\/pages\/20"}],"wp:attachment":[{"href":"https:\/\/www.vocanson-prod.fr\/v3\/wp-json\/wp\/v2\/media?parent=168"}],"curies":[{"name":"wp","href":"https:\/\/api.w.org\/{rel}","templated":true}]}}