{"id":178,"date":"2012-05-07T08:58:21","date_gmt":"2012-05-07T08:58:21","guid":{"rendered":"http:\/\/www.vocanson-prod.fr\/v3\/?page_id=178"},"modified":"2018-09-23T11:26:37","modified_gmt":"2018-09-23T11:26:37","slug":"service-interactivite","status":"publish","type":"page","link":"https:\/\/www.vocanson-prod.fr\/v3\/services\/service-interactivite\/","title":{"rendered":"Services | Visualisation architecturale"},"content":{"rendered":"<p><img decoding=\"async\" loading=\"lazy\" class=\"alignleft\" style=\"border: 0pt none;\" title=\"SERVICES VISUALISATION ARCHITECTURALE: architecture int\u00e9rieure et ext\u00e9rieure - Flying Camera - Incrustation dans le r\u00e9el\" src=\"http:\/\/www.vocanson-prod.fr\/v3\/images\/activites\/rub_visu_logo.jpg\" alt=\"architecture int\u00e9rieure et ext\u00e9rieure - Flying Camera - Incrustation dans le r\u00e9el\" width=\"300\" height=\"300\" \/><strong>V<\/strong><strong><span style=\"font-size: medium;\">isualiser le futur<\/span><\/strong><\/p>\n<p>Par l&rsquo;interm\u00e9diaire des nouvelles technologies num\u00e9riques, il est possible d&rsquo;effectuer des repr\u00e9sentations r\u00e9alistes de projets architecturaux. Cela permet d&rsquo;\u00e9valuer les espaces, les mati\u00e8res, les circulations, l&rsquo;organisation, l&rsquo;environnement, la lumi\u00e8re d&rsquo;une journ\u00e9e afin de modifier, d&rsquo;approuver, valider ou exposer ces param\u00e8tres. La visualisation 3D est devenue une partie int\u00e9grante du processus de construction. Mon travail consiste \u00e0 donner vie visuellement aux architectures de demain par l&rsquo;interm\u00e9diaire d\u2019images de synth\u00e8se fixes ou anim\u00e9es.<\/p>\n<hr \/>\n<p><strong><span style=\"font-size: medium;\">Prestations :<\/span><\/strong><\/p>\n<table border=\"0\" width=\"95%\" cellspacing=\"0\" cellpadding=\"5\">\n<tbody>\n<tr align=\"left\">\n<td width=\"25%\"><img decoding=\"async\" loading=\"lazy\" src=\"http:\/\/www.vocanson-prod.fr\/v3\/images\/prestations\/visu_interieure.jpg\" alt=\"architecture visualisation 3D interieur exterieur\" width=\"150\" height=\"150\" \/><\/td>\n<td width=\"25%\"><img decoding=\"async\" loading=\"lazy\" src=\"http:\/\/www.vocanson-prod.fr\/v3\/images\/prestations\/visu_exterieure.jpg\" alt=\"architecture visualisation 3D interieur exterieur\" width=\"150\" height=\"150\" \/><\/td>\n<td width=\"25%\"><img decoding=\"async\" loading=\"lazy\" src=\"http:\/\/www.vocanson-prod.fr\/v3\/images\/prestations\/\/visu_flyingcamera.jpg\" alt=\"architecture visualisation 3D interieur exterieur\" width=\"150\" height=\"150\" \/><\/td>\n<td width=\"25%\"><img decoding=\"async\" loading=\"lazy\" src=\"http:\/\/www.vocanson-prod.fr\/v3\/images\/prestations\/\/visu_insert_reel\" alt=\"architecture visualisation 3D interieur exterieur\" width=\"150\" height=\"150\" \/><\/td>\n<\/tr>\n<tr>\n<td><strong>Images d&rsquo;int\u00e9rieur<\/strong><\/td>\n<td><strong>Images d&rsquo;ext\u00e9rieur<\/strong><\/td>\n<td><strong>Film Flying Camera<\/strong><\/td>\n<td><strong>Insertions dans le r\u00e9el<br \/>\n<\/strong><\/td>\n<\/tr>\n<tr valign=\"top\">\n<td>L&rsquo;image d&rsquo;architecture int\u00e9rieure permet d&rsquo;exposer une ambiance, un agencement, un style, un choix de mati\u00e8res, de mobiliers et d&rsquo;\u00e9clairages. Une fois la mod\u00e9lisation de l&rsquo;espace cr\u00e9\u00e9, il est possible d&rsquo;effectuer des essais de mati\u00e8res et d&rsquo;objets pour offrir le r\u00e9sultat souhait\u00e9 par votre client.<\/td>\n<td><strong>STORYBOARD<\/strong><br \/>\nIl s&rsquo;agit d&rsquo;une suite de dessins repr\u00e9sentant les diff\u00e9rentes animations avec les prises de vues, les personnages, les d\u00e9placements, les dur\u00e9es, les transitions&#8230;<\/td>\n<td>Le film flying camera est un film montrant un vol de cam\u00e9ra \u00e0 l&rsquo;int\u00e9rieur d&rsquo;une sc\u00e8ne 3D ext\u00e9rieure, int\u00e9rieure ou les deux. Le d\u00e9placement de la cam\u00e9ra permet une meilleure compr\u00e9hension des formes et mat\u00e9riaux mais aussi la possibilit\u00e9 de donner vie \u00e0 l&rsquo;ensemble avec l&rsquo;ajout de personnages anim\u00e9s, de circulations urbaines, d&rsquo;\u00e9l\u00e9ments natures et d&rsquo;objets anim\u00e9s comme des fontaines, panneaux lumineux&#8230;<\/td>\n<td valign=\"top\">L&rsquo;insertion dans le r\u00e9el est une image sur laquelle on vient ajouter un \u00e9l\u00e9ment 3D (construction, b\u00e2timent, maison&#8230;) afin de montrer l&rsquo;int\u00e9gration de ce dernier par rapport \u00e0 l&rsquo;existant. L&rsquo;objectif est d&rsquo;obtenir une bonne synchronisation avec les \u00e9l\u00e9ments r\u00e9els comme le respect de l&rsquo;\u00e9clairage, de la perspective et de l&rsquo;incrustation.<\/td>\n<\/tr>\n<\/tbody>\n<\/table>\n<p><span style=\"font-size: medium;\"><strong>D\u00e9veloppement : <\/strong><\/span><br \/>\n<span style=\"color: #808080;\"><em><strong>STORYBOARD<\/strong><\/em>*<br \/>\n<em> Il s&rsquo;agit d&rsquo;une suite de dessins repr\u00e9sentant les diff\u00e9rentes animations avec les prises de vues, les personnages, les d\u00e9placements, les dur\u00e9es, les transitions&#8230;<br \/>\n<\/em><\/span><strong>MODELISATION<\/strong><br \/>\nCr\u00e9ation polygonale de tous les objets, d\u00e9cors et personnages suivant le cahier des charges.<br \/>\n<strong>TEXTURING<\/strong><br \/>\nTous les mod\u00e8les 3D sont recouverts d&rsquo;une texture afin de cr\u00e9er l&rsquo;illusion de la r\u00e9alit\u00e9 : bois, marbre, pierre, fer, acier, verre&#8230;<br \/>\n<strong>ECLAIRAGE<br \/>\n<\/strong>Les lumi\u00e8res sont dispos\u00e9es dans la sc\u00e8ne suivant les ambiances \u00e0 recr\u00e9er. Elles permettent d&rsquo;obtenir les ombres et autres effets sp\u00e9ciaux<br \/>\n<em><strong><span style=\"color: #808080;\">ANIMATION<\/span><\/strong>*<\/em><br \/>\n<em> Animation des objets, de la dynamique, des personnes, des effets sp\u00e9ciaux, de la cam\u00e9ra, des lumi\u00e8res&#8230;<br \/>\n<\/em><strong>COMPOSITING<\/strong><br \/>\nRetouches colorim\u00e9triques, filtres et autres interventions 3D. Les images fixes ou anim\u00e9es peuvent \u00eatre calcul\u00e9es en plusieurs passes. Par exemple : le d\u00e9cor seul puis le personnage anim\u00e9 seul. Les deux sont ensuite assembl\u00e9s par l&rsquo;interm\u00e9diaire du compositing.<br \/>\n<em><strong><span style=\"color: #808080;\">SOUND DESIGN<\/span><\/strong>*<\/em><br \/>\n<em> Cr\u00e9ation de l&rsquo;univers sonore, de l&rsquo;ambiance, de la bande musicale, des bruitages, des dialogues&#8230;<\/em><br \/>\n<span style=\"color: #808080;\"><em><strong>MONTAGE<\/strong>*<\/em><br \/>\n<em> Assemblage de toutes les s\u00e9quences finalis\u00e9es. D\u00e9coupages, transitions, compression et sortie du film sur le support adapt\u00e9.<\/em><\/span><\/p>\n<p><span style=\"color: #808080;\"><em>*D\u00e9veloppement effectu\u00e9 dans le cadre d&rsquo;une animation uniquement<\/em> <\/span><\/p>\n","protected":false},"excerpt":{"rendered":"<p>Visualiser le futur Par l&rsquo;interm\u00e9diaire des nouvelles technologies num\u00e9riques, il est possible d&rsquo;effectuer des repr\u00e9sentations r\u00e9alistes de projets architecturaux. Cela permet d&rsquo;\u00e9valuer les espaces, les mati\u00e8res, les circulations, l&rsquo;organisation, l&rsquo;environnement, la lumi\u00e8re d&rsquo;une journ\u00e9e afin de modifier, d&rsquo;approuver, valider ou &hellip; <a class=\"kt-excerpt-readmore more-link\" href=\"https:\/\/www.vocanson-prod.fr\/v3\/services\/service-interactivite\/\">Read More<\/a><\/p>\n","protected":false},"author":2,"featured_media":0,"parent":20,"menu_order":0,"comment_status":"closed","ping_status":"closed","template":"","meta":{"kt_blocks_editor_width":"","_monsterinsights_skip_tracking":false,"_monsterinsights_sitenote_active":false,"_monsterinsights_sitenote_note":"","_monsterinsights_sitenote_category":0},"_links":{"self":[{"href":"https:\/\/www.vocanson-prod.fr\/v3\/wp-json\/wp\/v2\/pages\/178"}],"collection":[{"href":"https:\/\/www.vocanson-prod.fr\/v3\/wp-json\/wp\/v2\/pages"}],"about":[{"href":"https:\/\/www.vocanson-prod.fr\/v3\/wp-json\/wp\/v2\/types\/page"}],"author":[{"embeddable":true,"href":"https:\/\/www.vocanson-prod.fr\/v3\/wp-json\/wp\/v2\/users\/2"}],"replies":[{"embeddable":true,"href":"https:\/\/www.vocanson-prod.fr\/v3\/wp-json\/wp\/v2\/comments?post=178"}],"version-history":[{"count":7,"href":"https:\/\/www.vocanson-prod.fr\/v3\/wp-json\/wp\/v2\/pages\/178\/revisions"}],"predecessor-version":[{"id":833,"href":"https:\/\/www.vocanson-prod.fr\/v3\/wp-json\/wp\/v2\/pages\/178\/revisions\/833"}],"up":[{"embeddable":true,"href":"https:\/\/www.vocanson-prod.fr\/v3\/wp-json\/wp\/v2\/pages\/20"}],"wp:attachment":[{"href":"https:\/\/www.vocanson-prod.fr\/v3\/wp-json\/wp\/v2\/media?parent=178"}],"curies":[{"name":"wp","href":"https:\/\/api.w.org\/{rel}","templated":true}]}}