{"id":180,"date":"2012-05-07T08:58:43","date_gmt":"2012-05-07T08:58:43","guid":{"rendered":"http:\/\/www.vocanson-prod.fr\/v3\/?page_id=180"},"modified":"2018-09-23T11:26:37","modified_gmt":"2018-09-23T11:26:37","slug":"service-film-danimation","status":"publish","type":"page","link":"https:\/\/www.vocanson-prod.fr\/v3\/services\/service-film-danimation\/","title":{"rendered":"Services | Films d&rsquo;animation"},"content":{"rendered":"<p><img decoding=\"async\" loading=\"lazy\" class=\"alignleft\" style=\"border: 0pt none;\" title=\"SERVICES FILMS d'ANIMATION: Cin\u00e9matique de jeux vid\u00e9os \t- Courts m\u00e9trages - Publicit\u00e9 - Clip musical - S\u00e9rie TV - Effets sp\u00e9ciaux - Ride dynamique - G\u00e9n\u00e9rique - Flying logo \" src=\"http:\/\/www.vocanson-prod.fr\/v3\/images\/activites\/rub_ani_logo.jpg\" alt=\"Cin\u00e9matique de jeux vid\u00e9os \t- Courts m\u00e9trages - Publicit\u00e9 - Clip musical - S\u00e9rie TV - Effets sp\u00e9ciaux - Ride dynamique - G\u00e9n\u00e9rique - Flying logo \" width=\"300\" height=\"300\" \/><strong><span style=\"font-size: medium;\"><span style=\"font-size: medium;\"><strong>Entrez dans un monde aux possibilit\u00e9s \u00e9tonantes<\/strong><\/span><\/span><\/strong><\/p>\n<p>La cr\u00e9ation de films d&rsquo;animation demande de la cr\u00e9ativit\u00e9, beaucoup de techniques et du mat\u00e9riels professionnels. Chaque client souhaite une expression propre dans la r\u00e9alisation de son film. Je suis en mesure de r\u00e9pondre \u00e0 certaines demandes et d&rsquo;intervenir sur de nombreuses \u00e9tapes de r\u00e9alisation de la conception jusqu&rsquo;au film final. Il m&rsquo;arrive de r\u00e9aliser des films de A \u00e0 Z. Je peux aussi faire appelle \u00e0 des coll\u00e8gues freelances 3Distes dans certains cas pour une r\u00e9alisation plus importante. La r\u00e9alisation d&rsquo;un film d&rsquo;animation passe par de nombreuses \u00e9tapes allant du storyboard jusqu&rsquo;au montage final en passant par la mod\u00e9lisation, le texturing, l&rsquo;\u00e9clairage, l&rsquo;animation,\u00a0le montage son ou encore le compositing. N&rsquo;h\u00e9sitez pas \u00e0 me soumettre toutes vos demandes, m\u00eame les plus incroyables\u00a0!<\/p>\n<hr \/>\n<p><strong><span style=\"font-size: medium;\">Prestations :<\/span><\/strong><\/p>\n<table border=\"0\" width=\"95%\" cellspacing=\"0\" cellpadding=\"5\">\n<tbody>\n<tr>\n<td width=\"25%\"><img decoding=\"async\" loading=\"lazy\" src=\"http:\/\/www.vocanson-prod.fr\/v3\/images\/prestations\/ani_jeux.jpg\" alt=\"\" width=\"150\" height=\"150\" \/><\/td>\n<td width=\"25%\"><img decoding=\"async\" loading=\"lazy\" src=\"http:\/\/www.vocanson-prod.fr\/v3\/images\/prestations\/ani_court.jpg\" alt=\"\" width=\"150\" height=\"150\" \/><\/td>\n<td width=\"25%\"><img decoding=\"async\" loading=\"lazy\" src=\"http:\/\/www.vocanson-prod.fr\/v3\/images\/prestations\/3d_flyinglogo.jpg\" alt=\"\" width=\"150\" height=\"150\" \/><img decoding=\"async\" loading=\"lazy\" class=\"yrfzgssbaifbkrbuxnjb\" src=\"http:\/\/www.vocanson-prod.fr\/v3\/images\/prestations\/ani_publicite.jpg\" alt=\"\" width=\"150\" height=\"150\" \/><\/td>\n<td width=\"25%\"><img decoding=\"async\" loading=\"lazy\" src=\"http:\/\/www.vocanson-prod.fr\/v3\/images\/prestations\/ani_clip.jpg\" alt=\"\" width=\"150\" height=\"150\" \/><\/td>\n<\/tr>\n<tr>\n<td><strong>Cin\u00e9matique de jeux vid\u00e9os<\/strong><\/td>\n<td><strong>Courts m\u00e9trages<\/strong><\/td>\n<td><strong>Flying logo<\/strong><\/td>\n<td><strong>Clip musical<\/strong><\/td>\n<\/tr>\n<tr valign=\"top\">\n<td>Cr\u00e9ation de s\u00e9quences anim\u00e9es pour les jeux vid\u00e9os. Aujourd&rsquo;hui indispensables dans la r\u00e9ussite d&rsquo;un produit. Travail d&rsquo;\u00e9quipe avec un r\u00e9alisateur.<\/td>\n<td>Comment divertir votre auditoire en attendant la suite\u00a0? R\u00e9alisation de courts-m\u00e9trages. C&rsquo;est un laboratoire qui permet de tester de nouveaux axes graphiques. Travail avec un r\u00e9alisateur.<\/td>\n<td>Animation vid\u00e9o d&rsquo;un logo en 3D pour introduire vos diff\u00e9rentes productions et pr\u00e9sentations. L&rsquo;objectif est d&rsquo;attirer l&rsquo;attention en en mettant plein les yeux.<\/td>\n<td>Animation 3D\/2D en rythme. La 3D ouvre les portes \u00e0 toutes les fantaisies. Travail d&rsquo;\u00e9quipe avec un r\u00e9alisateur.<\/td>\n<\/tr>\n<tr>\n<td><img decoding=\"async\" loading=\"lazy\" src=\"http:\/\/www.vocanson-prod.fr\/v3\/images\/prestations\/ani_serie.jpg\" alt=\"\" width=\"150\" height=\"150\" \/><\/td>\n<td><img decoding=\"async\" loading=\"lazy\" src=\"http:\/\/www.vocanson-prod.fr\/v3\/images\/prestations\/ani_sfx.jpg\" alt=\"\" width=\"150\" height=\"150\" \/><\/td>\n<td><img decoding=\"async\" loading=\"lazy\" src=\"http:\/\/www.vocanson-prod.fr\/v3\/images\/prestations\/ani_ride.jpg\" alt=\"\" width=\"150\" height=\"150\" \/><\/td>\n<td><img decoding=\"async\" loading=\"lazy\" src=\"http:\/\/www.vocanson-prod.fr\/v3\/images\/prestations\/ani_generique.jpg\" alt=\"\" width=\"150\" height=\"150\" \/><\/td>\n<\/tr>\n<tr>\n<td><strong>S\u00e9rie TV<\/strong><\/td>\n<td><strong>Effets sp\u00e9ciaux<\/strong><\/td>\n<td><strong>Ride dynamique<\/strong><\/td>\n<td><strong>G\u00e9n\u00e9rique<\/strong><\/td>\n<\/tr>\n<tr>\n<td>Les artistes\/r\u00e9alisateurs de notre beau pays ont, dans leurs cartons, des projets \u00e9tonnants. Si vous \u00eates un diffuseur et que vous cherchez \u00e0 remplir vos grilles, nous pouvons mettre en place la cellule de cr\u00e9ation charg\u00e9e de la production d&rsquo;une nouvelle s\u00e9rie.<\/td>\n<td>Une \u00e9quipe de sp\u00e9cialistes dans les effets sp\u00e9ciaux pour le cin\u00e9ma et la t\u00e9l\u00e9vision vous propose ses services. Travail d&rsquo;\u00e9quipe avec un superviseur.<\/td>\n<td>Il s&rsquo;agit des films qui sont diffus\u00e9s dans les parcs d&rsquo;attraction avec des salles comportant des fauteuils qui bougent. Avec la 3D, tous les voyages sont possibles. Travail d&rsquo;\u00e9quipe avec un r\u00e9alisateur.<\/td>\n<td>Pour la t\u00e9l\u00e9vision, le cin\u00e9ma, une s\u00e9rie&#8230; Vous avez besoin de cr\u00e9er un g\u00e9n\u00e9rique de d\u00e9but et de fin. Vous pouvez le personnaliser afin de donner un univers plus fort \u00e0 votre cr\u00e9ation. Travail d&rsquo;\u00e9quipe avec un r\u00e9alisateur.<\/td>\n<\/tr>\n<tr valign=\"top\">\n<td><img decoding=\"async\" loading=\"lazy\" src=\"http:\/\/www.vocanson-prod.fr\/v3\/images\/prestations\/3d_flyinglogo.jpg\" alt=\"\" width=\"150\" height=\"150\" \/><\/td>\n<td><\/td>\n<td><\/td>\n<td><\/td>\n<\/tr>\n<tr valign=\"top\">\n<td><strong>Publicit\u00e9<\/strong><\/td>\n<td><\/td>\n<td valign=\"top\"><\/td>\n<td><\/td>\n<\/tr>\n<tr valign=\"top\">\n<td>R\u00e9alisation par une petite \u00e9quipe de votre spot publicitaire 3D dans des d\u00e9lais tr\u00e8s serr\u00e9s. Travail d&rsquo;\u00e9quipe avec un r\u00e9alisateur.<\/td>\n<td><\/td>\n<\/tr>\n<\/tbody>\n<\/table>\n<p><span style=\"font-size: medium;\"><strong>D\u00e9veloppement : <\/strong><\/span><\/p>\n<p><strong>STORYBOARD<\/strong><br \/>\nIl s&rsquo;agit d&rsquo;une suite de dessins repr\u00e9sentant les diff\u00e9rentes animations avec les prises de vues, les personnages, les d\u00e9placements, les dur\u00e9es, les transitions&#8230;<br \/>\n<strong>MODELISATION<\/strong><br \/>\nCr\u00e9ation polygonale de tous les objets, d\u00e9cors et personnages suivant le cahier des charges.<br \/>\n<strong>TEXTURING<\/strong><br \/>\nTous les mod\u00e8les 3D sont recouverts d&rsquo;une texture afin de cr\u00e9er l&rsquo;illusion de la r\u00e9alit\u00e9 : bois, marbre, pierre, fer, acier, verre&#8230;<br \/>\n<strong>ECLAIRAGE<br \/>\n<\/strong>Les lumi\u00e8res sont dispos\u00e9es dans la sc\u00e8ne suivant les ambiances \u00e0 recr\u00e9er. Elles permettent d&rsquo;obtenir les ombres et autres effets sp\u00e9ciaux<br \/>\n<strong>ANIMATION<\/strong><br \/>\nAnimation des objets, de la dynamique, des personnes, des effets sp\u00e9ciaux, de la cam\u00e9ra, des lumi\u00e8res&#8230;<br \/>\n<strong>COMPOSITING<\/strong><br \/>\nRetouches colorim\u00e9triques, filtres et autres interventions 3D. Les animations peuvent \u00eatre calcul\u00e9es en plusieurs passes. Par exemple : le d\u00e9cor seul, puis le personnage anim\u00e9 seul. Les deux sont ensuite assembl\u00e9s par l&rsquo;interm\u00e9diaire du compositing.<br \/>\n<strong>SOUND DESIGN<\/strong><br \/>\nCr\u00e9ation de l&rsquo;univers sonore, de l&rsquo;ambiance, de la bande musicale, des bruitages, des dialogues&#8230;<br \/>\n<strong>MONTAGE<\/strong><br \/>\nAssemblage de toutes les s\u00e9quences finalis\u00e9es. D\u00e9coupages, transitions, compression et sortie du film sur le support adapt\u00e9.<\/p>\n","protected":false},"excerpt":{"rendered":"<p>Entrez dans un monde aux possibilit\u00e9s \u00e9tonantes La cr\u00e9ation de films d&rsquo;animation demande de la cr\u00e9ativit\u00e9, beaucoup de techniques et du mat\u00e9riels professionnels. Chaque client souhaite une expression propre dans la r\u00e9alisation de son film. Je suis en mesure de &hellip; <a class=\"kt-excerpt-readmore more-link\" href=\"https:\/\/www.vocanson-prod.fr\/v3\/services\/service-film-danimation\/\">Read More<\/a><\/p>\n","protected":false},"author":2,"featured_media":0,"parent":20,"menu_order":0,"comment_status":"closed","ping_status":"closed","template":"","meta":{"kt_blocks_editor_width":"","_monsterinsights_skip_tracking":false,"_monsterinsights_sitenote_active":false,"_monsterinsights_sitenote_note":"","_monsterinsights_sitenote_category":0},"_links":{"self":[{"href":"https:\/\/www.vocanson-prod.fr\/v3\/wp-json\/wp\/v2\/pages\/180"}],"collection":[{"href":"https:\/\/www.vocanson-prod.fr\/v3\/wp-json\/wp\/v2\/pages"}],"about":[{"href":"https:\/\/www.vocanson-prod.fr\/v3\/wp-json\/wp\/v2\/types\/page"}],"author":[{"embeddable":true,"href":"https:\/\/www.vocanson-prod.fr\/v3\/wp-json\/wp\/v2\/users\/2"}],"replies":[{"embeddable":true,"href":"https:\/\/www.vocanson-prod.fr\/v3\/wp-json\/wp\/v2\/comments?post=180"}],"version-history":[{"count":7,"href":"https:\/\/www.vocanson-prod.fr\/v3\/wp-json\/wp\/v2\/pages\/180\/revisions"}],"predecessor-version":[{"id":829,"href":"https:\/\/www.vocanson-prod.fr\/v3\/wp-json\/wp\/v2\/pages\/180\/revisions\/829"}],"up":[{"embeddable":true,"href":"https:\/\/www.vocanson-prod.fr\/v3\/wp-json\/wp\/v2\/pages\/20"}],"wp:attachment":[{"href":"https:\/\/www.vocanson-prod.fr\/v3\/wp-json\/wp\/v2\/media?parent=180"}],"curies":[{"name":"wp","href":"https:\/\/api.w.org\/{rel}","templated":true}]}}